{"id":822,"date":"2015-09-06T17:19:00","date_gmt":"2015-09-06T17:19:00","guid":{"rendered":"http:\/\/www.himont.si\/?page_id=822&#038;lang=en"},"modified":"2015-09-06T23:41:01","modified_gmt":"2015-09-06T23:41:01","slug":"pursuit-of-perfection","status":"publish","type":"page","link":"https:\/\/www.himont.si\/de\/","title":{"rendered":"HIMONT  d.o.o. &#8211; Das Streben nach Perfektion"},"content":{"rendered":"<p><strong>Industrial Equipment<\/strong><\/p>\n<p>Wir sind ein Familienunternehmen mit \u00fcber 25-j\u00e4hriger Tradition, ist in der Herstellung von Spezial-Industrie-Hardware-Komponenten zu bestellen engagiert. Erfahrung, Wissen und Selbst-Entwicklung erm\u00f6glicht es uns, qualitativ hochwertige Produkte zu schaffen, um die Bed\u00fcrfnisse und W\u00fcnsche unserer Kunden zu befriedigen. Durch die St\u00e4rkung der Gesch\u00e4ftsbeziehungen und Partnerschaften, versicherte der Entwicklung des Unternehmens. Systematische Verbesserungen in technologischen Prozessen, bieten wir High-End-Qualit\u00e4t und Wettbewerbsf\u00e4higkeit der Produkte.<\/p>\n<p><iframe loading=\"lazy\" width=\"650\" height=\"390\" src=\"\/\/www.youtube.com\/embed\/j3XfgFeBcXU\" frameborder=\"0\" allowfullscreen><\/iframe><\/p>\n","protected":false},"excerpt":{"rendered":"<p>Industrial Equipment Wir sind ein Familienunternehmen mit \u00fcber 25-j\u00e4hriger Tradition, ist in der Herstellung von Spezial-Industrie-Hardware-Komponenten zu bestellen engagiert. Erfahrung, Wissen und Selbst-Entwicklung erm\u00f6glicht es uns, qualitativ hochwertige Produkte zu schaffen, um die Bed\u00fcrfnisse und W\u00fcnsche unserer Kunden zu befriedigen. Durch die St\u00e4rkung der Gesch\u00e4ftsbeziehungen und Partnerschaften, versicherte der Entwicklung des Unternehmens. Systematische Verbesserungen in [&hellip;]<\/p>\n","protected":false},"author":4,"featured_media":-1,"parent":0,"menu_order":0,"comment_status":"open","ping_status":"open","template":"","meta":{"_et_pb_use_builder":"on","_et_pb_old_content":"<p>Industrijska oprema<\/p><p>Smo dru\u017einsko podjetje z ve\u010d kot 25 letno tradicijo, ukvarjamo se z izdelavo specialnih industrijskih strojnih komponent\u00a0 po naro\u010dilu . Izku\u0161nje, znanje in lasten razvoj omogo\u010da podjetju ustvarjati \u00a0visoko kvalitetne izdelke s katerimi zadovoljujemo potrebe in \u017eelje na\u0161ih kupcev. \u00a0S krepitvijo dolgoro\u010dnih poslovnih povezav in partnerskih odnosov, podjetju zagotavljamo razvoj. Na\u010drtne izbolj\u0161ave v tehnolo\u0161ke procese nam zagotavljajo visoko konkuren\u010dnost in kvalitetne kon\u010dne produkte.<\/p><p><iframe src=\"\/\/www.youtube.com\/embed\/j3XfgFeBcXU\" width=\"650\" height=\"390\" frameborder=\"0\" allowfullscreen=\"allowfullscreen\"><\/iframe><\/p>","_et_gb_content_width":"","ngg_post_thumbnail":0,"footnotes":""},"class_list":["post-822","page","type-page","status-publish","has-post-thumbnail","hentry"],"yoast_head":"<!-- This site is optimized with the Yoast SEO plugin v27.4 - https:\/\/yoast.com\/product\/yoast-seo-wordpress\/ -->\n<title>HIMONT d.o.o. - Das Streben nach Perfektion - Himont d.o.o.<\/title>\n<meta name=\"robots\" content=\"index, follow, max-snippet:-1, max-image-preview:large, max-video-preview:-1\" \/>\n<link rel=\"canonical\" href=\"https:\/\/www.himont.si\/de\/\" \/>\n<meta property=\"og:locale\" content=\"de_DE\" \/>\n<meta property=\"og:type\" content=\"article\" \/>\n<meta property=\"og:title\" content=\"HIMONT d.o.o. - Das Streben nach Perfektion - Himont d.o.o.\" \/>\n<meta property=\"og:description\" content=\"Industrial Equipment Wir sind ein Familienunternehmen mit \u00fcber 25-j\u00e4hriger Tradition, ist in der Herstellung von Spezial-Industrie-Hardware-Komponenten zu bestellen engagiert. Erfahrung, Wissen und Selbst-Entwicklung erm\u00f6glicht es uns, qualitativ hochwertige Produkte zu schaffen, um die Bed\u00fcrfnisse und W\u00fcnsche unserer Kunden zu befriedigen. Durch die St\u00e4rkung der Gesch\u00e4ftsbeziehungen und Partnerschaften, versicherte der Entwicklung des Unternehmens. Systematische Verbesserungen in [&hellip;]\" \/>\n<meta property=\"og:url\" content=\"https:\/\/www.himont.si\/de\/\" \/>\n<meta property=\"og:site_name\" content=\"Himont d.o.o.\" \/>\n<meta property=\"article:modified_time\" content=\"2015-09-06T23:41:01+00:00\" \/>\n<script type=\"application\/ld+json\" class=\"yoast-schema-graph\">{\"@context\":\"https:\\\/\\\/schema.org\",\"@graph\":[{\"@type\":\"WebPage\",\"@id\":\"https:\\\/\\\/www.himont.si\\\/de\\\/\",\"url\":\"https:\\\/\\\/www.himont.si\\\/de\\\/\",\"name\":\"HIMONT d.o.o. - Das Streben nach Perfektion - Himont d.o.o.\",\"isPartOf\":{\"@id\":\"https:\\\/\\\/www.himont.si\\\/#website\"},\"datePublished\":\"2015-09-06T17:19:00+00:00\",\"dateModified\":\"2015-09-06T23:41:01+00:00\",\"breadcrumb\":{\"@id\":\"https:\\\/\\\/www.himont.si\\\/de\\\/#breadcrumb\"},\"inLanguage\":\"de-DE\",\"potentialAction\":[{\"@type\":\"ReadAction\",\"target\":[\"https:\\\/\\\/www.himont.si\\\/de\\\/\"]}]},{\"@type\":\"BreadcrumbList\",\"@id\":\"https:\\\/\\\/www.himont.si\\\/de\\\/#breadcrumb\",\"itemListElement\":[{\"@type\":\"ListItem\",\"position\":1,\"name\":\"Home\",\"item\":\"https:\\\/\\\/www.himont.si\\\/de\\\/\"},{\"@type\":\"ListItem\",\"position\":2,\"name\":\"HIMONT d.o.o. &#8211; Das Streben nach Perfektion\"}]},{\"@type\":\"WebSite\",\"@id\":\"https:\\\/\\\/www.himont.si\\\/#website\",\"url\":\"https:\\\/\\\/www.himont.si\\\/\",\"name\":\"Himont d.o.o.\",\"description\":\"Stremljenje k popolnosti\",\"potentialAction\":[{\"@type\":\"SearchAction\",\"target\":{\"@type\":\"EntryPoint\",\"urlTemplate\":\"https:\\\/\\\/www.himont.si\\\/?s={search_term_string}\"},\"query-input\":{\"@type\":\"PropertyValueSpecification\",\"valueRequired\":true,\"valueName\":\"search_term_string\"}}],\"inLanguage\":\"de-DE\"}]}<\/script>\n<!-- \/ Yoast SEO plugin. -->","yoast_head_json":{"title":"HIMONT d.o.o. - Das Streben nach Perfektion - Himont d.o.o.","robots":{"index":"index","follow":"follow","max-snippet":"max-snippet:-1","max-image-preview":"max-image-preview:large","max-video-preview":"max-video-preview:-1"},"canonical":"https:\/\/www.himont.si\/de\/","og_locale":"de_DE","og_type":"article","og_title":"HIMONT d.o.o. - Das Streben nach Perfektion - Himont d.o.o.","og_description":"Industrial Equipment Wir sind ein Familienunternehmen mit \u00fcber 25-j\u00e4hriger Tradition, ist in der Herstellung von Spezial-Industrie-Hardware-Komponenten zu bestellen engagiert. Erfahrung, Wissen und Selbst-Entwicklung erm\u00f6glicht es uns, qualitativ hochwertige Produkte zu schaffen, um die Bed\u00fcrfnisse und W\u00fcnsche unserer Kunden zu befriedigen. Durch die St\u00e4rkung der Gesch\u00e4ftsbeziehungen und Partnerschaften, versicherte der Entwicklung des Unternehmens. Systematische Verbesserungen in [&hellip;]","og_url":"https:\/\/www.himont.si\/de\/","og_site_name":"Himont d.o.o.","article_modified_time":"2015-09-06T23:41:01+00:00","schema":{"@context":"https:\/\/schema.org","@graph":[{"@type":"WebPage","@id":"https:\/\/www.himont.si\/de\/","url":"https:\/\/www.himont.si\/de\/","name":"HIMONT d.o.o. - Das Streben nach Perfektion - Himont d.o.o.","isPartOf":{"@id":"https:\/\/www.himont.si\/#website"},"datePublished":"2015-09-06T17:19:00+00:00","dateModified":"2015-09-06T23:41:01+00:00","breadcrumb":{"@id":"https:\/\/www.himont.si\/de\/#breadcrumb"},"inLanguage":"de-DE","potentialAction":[{"@type":"ReadAction","target":["https:\/\/www.himont.si\/de\/"]}]},{"@type":"BreadcrumbList","@id":"https:\/\/www.himont.si\/de\/#breadcrumb","itemListElement":[{"@type":"ListItem","position":1,"name":"Home","item":"https:\/\/www.himont.si\/de\/"},{"@type":"ListItem","position":2,"name":"HIMONT d.o.o. &#8211; Das Streben nach Perfektion"}]},{"@type":"WebSite","@id":"https:\/\/www.himont.si\/#website","url":"https:\/\/www.himont.si\/","name":"Himont d.o.o.","description":"Stremljenje k popolnosti","potentialAction":[{"@type":"SearchAction","target":{"@type":"EntryPoint","urlTemplate":"https:\/\/www.himont.si\/?s={search_term_string}"},"query-input":{"@type":"PropertyValueSpecification","valueRequired":true,"valueName":"search_term_string"}}],"inLanguage":"de-DE"}]}},"_links":{"self":[{"href":"https:\/\/www.himont.si\/de\/wp-json\/wp\/v2\/pages\/822","targetHints":{"allow":["GET"]}}],"collection":[{"href":"https:\/\/www.himont.si\/de\/wp-json\/wp\/v2\/pages"}],"about":[{"href":"https:\/\/www.himont.si\/de\/wp-json\/wp\/v2\/types\/page"}],"author":[{"embeddable":true,"href":"https:\/\/www.himont.si\/de\/wp-json\/wp\/v2\/users\/4"}],"replies":[{"embeddable":true,"href":"https:\/\/www.himont.si\/de\/wp-json\/wp\/v2\/comments?post=822"}],"version-history":[{"count":5,"href":"https:\/\/www.himont.si\/de\/wp-json\/wp\/v2\/pages\/822\/revisions"}],"predecessor-version":[{"id":1178,"href":"https:\/\/www.himont.si\/de\/wp-json\/wp\/v2\/pages\/822\/revisions\/1178"}],"wp:featuredmedia":[{"embeddable":true,"href":"https:\/\/www.himont.si\/de\/wp-json\/"}],"wp:attachment":[{"href":"https:\/\/www.himont.si\/de\/wp-json\/wp\/v2\/media?parent=822"}],"curies":[{"name":"wp","href":"https:\/\/api.w.org\/{rel}","templated":true}]}}