{"id":825,"date":"2015-09-06T17:22:08","date_gmt":"2015-09-06T17:22:08","guid":{"rendered":"http:\/\/www.himont.si\/?page_id=825&#038;lang=en"},"modified":"2015-09-06T23:40:50","modified_gmt":"2015-09-06T23:40:50","slug":"himont-d-o-o-pursuit-of-perfection","status":"publish","type":"page","link":"https:\/\/www.himont.si\/en\/","title":{"rendered":"HIMONT d.o.o. &#8211; Pursuit of Perfection"},"content":{"rendered":"<p><strong>Industrial Equipment<\/strong><\/p>\n<p>We are a family company with over 25 years of tradition, is engaged in the manufacture of specialty industrial hardware components to order. Experience, knowledge and self-development enables us to create high-quality products to satisfy the needs and desires of our customers. By strengthening business connections and partnerships, the company assured development. Systematic improvements in technological processes, we provide high end quality and competitiveness of products.<\/p>\n<p><iframe loading=\"lazy\" width=\"650\" height=\"390\" src=\"\/\/www.youtube.com\/embed\/j3XfgFeBcXU\" frameborder=\"0\" allowfullscreen><\/iframe><\/p>\n","protected":false},"excerpt":{"rendered":"<p>Industrial Equipment We are a family company with over 25 years of tradition, is engaged in the manufacture of specialty industrial hardware components to order. Experience, knowledge and self-development enables us to create high-quality products to satisfy the needs and desires of our customers. By strengthening business connections and partnerships, the company assured development. Systematic [&hellip;]<\/p>\n","protected":false},"author":4,"featured_media":1287,"parent":0,"menu_order":0,"comment_status":"open","ping_status":"open","template":"","meta":{"_et_pb_use_builder":"on","_et_pb_old_content":"<p>Industrijska oprema<\/p><p>Smo dru\u017einsko podjetje z ve\u010d kot 25 letno tradicijo, ukvarjamo se z izdelavo specialnih industrijskih strojnih komponent\u00a0 po naro\u010dilu . Izku\u0161nje, znanje in lasten razvoj omogo\u010da podjetju ustvarjati \u00a0visoko kvalitetne izdelke s katerimi zadovoljujemo potrebe in \u017eelje na\u0161ih kupcev. \u00a0S krepitvijo dolgoro\u010dnih poslovnih povezav in partnerskih odnosov, podjetju zagotavljamo razvoj. Na\u010drtne izbolj\u0161ave v tehnolo\u0161ke procese nam zagotavljajo visoko konkuren\u010dnost in kvalitetne kon\u010dne produkte.<\/p><p><iframe src=\"\/\/www.youtube.com\/embed\/j3XfgFeBcXU\" width=\"650\" height=\"390\" frameborder=\"0\" allowfullscreen=\"allowfullscreen\"><\/iframe><\/p>","_et_gb_content_width":"","ngg_post_thumbnail":0,"footnotes":""},"class_list":["post-825","page","type-page","status-publish","has-post-thumbnail","hentry"],"yoast_head":"<!-- This site is optimized with the Yoast SEO plugin v27.4 - https:\/\/yoast.com\/product\/yoast-seo-wordpress\/ -->\n<title>HIMONT d.o.o. - Pursuit of Perfection - Himont d.o.o.<\/title>\n<meta name=\"robots\" content=\"index, follow, max-snippet:-1, max-image-preview:large, max-video-preview:-1\" \/>\n<link rel=\"canonical\" href=\"https:\/\/www.himont.si\/en\/\" \/>\n<meta property=\"og:locale\" content=\"en_US\" \/>\n<meta property=\"og:type\" content=\"article\" \/>\n<meta property=\"og:title\" content=\"HIMONT d.o.o. - Pursuit of Perfection - Himont d.o.o.\" \/>\n<meta property=\"og:description\" content=\"Industrial Equipment We are a family company with over 25 years of tradition, is engaged in the manufacture of specialty industrial hardware components to order. Experience, knowledge and self-development enables us to create high-quality products to satisfy the needs and desires of our customers. By strengthening business connections and partnerships, the company assured development. Systematic [&hellip;]\" \/>\n<meta property=\"og:url\" content=\"https:\/\/www.himont.si\/en\/\" \/>\n<meta property=\"og:site_name\" content=\"Himont d.o.o.\" \/>\n<meta property=\"article:modified_time\" content=\"2015-09-06T23:40:50+00:00\" \/>\n<script type=\"application\/ld+json\" class=\"yoast-schema-graph\">{\"@context\":\"https:\\\/\\\/schema.org\",\"@graph\":[{\"@type\":\"WebPage\",\"@id\":\"https:\\\/\\\/www.himont.si\\\/en\\\/\",\"url\":\"https:\\\/\\\/www.himont.si\\\/en\\\/\",\"name\":\"HIMONT d.o.o. - Pursuit of Perfection - Himont d.o.o.\",\"isPartOf\":{\"@id\":\"https:\\\/\\\/www.himont.si\\\/#website\"},\"primaryImageOfPage\":{\"@id\":\"https:\\\/\\\/www.himont.si\\\/en\\\/#primaryimage\"},\"image\":{\"@id\":\"https:\\\/\\\/www.himont.si\\\/en\\\/#primaryimage\"},\"thumbnailUrl\":\"https:\\\/\\\/www.himont.si\\\/wp-content\\\/uploads\\\/2017\\\/03\\\/himont.jpg\",\"datePublished\":\"2015-09-06T17:22:08+00:00\",\"dateModified\":\"2015-09-06T23:40:50+00:00\",\"breadcrumb\":{\"@id\":\"https:\\\/\\\/www.himont.si\\\/en\\\/#breadcrumb\"},\"inLanguage\":\"en-US\",\"potentialAction\":[{\"@type\":\"ReadAction\",\"target\":[\"https:\\\/\\\/www.himont.si\\\/en\\\/\"]}]},{\"@type\":\"ImageObject\",\"inLanguage\":\"en-US\",\"@id\":\"https:\\\/\\\/www.himont.si\\\/en\\\/#primaryimage\",\"url\":\"https:\\\/\\\/www.himont.si\\\/wp-content\\\/uploads\\\/2017\\\/03\\\/himont.jpg\",\"contentUrl\":\"https:\\\/\\\/www.himont.si\\\/wp-content\\\/uploads\\\/2017\\\/03\\\/himont.jpg\",\"width\":1600,\"height\":540},{\"@type\":\"BreadcrumbList\",\"@id\":\"https:\\\/\\\/www.himont.si\\\/en\\\/#breadcrumb\",\"itemListElement\":[{\"@type\":\"ListItem\",\"position\":1,\"name\":\"Home\",\"item\":\"https:\\\/\\\/www.himont.si\\\/en\\\/\"},{\"@type\":\"ListItem\",\"position\":2,\"name\":\"HIMONT d.o.o. &#8211; Pursuit of Perfection\"}]},{\"@type\":\"WebSite\",\"@id\":\"https:\\\/\\\/www.himont.si\\\/#website\",\"url\":\"https:\\\/\\\/www.himont.si\\\/\",\"name\":\"Himont d.o.o.\",\"description\":\"Stremljenje k popolnosti\",\"potentialAction\":[{\"@type\":\"SearchAction\",\"target\":{\"@type\":\"EntryPoint\",\"urlTemplate\":\"https:\\\/\\\/www.himont.si\\\/?s={search_term_string}\"},\"query-input\":{\"@type\":\"PropertyValueSpecification\",\"valueRequired\":true,\"valueName\":\"search_term_string\"}}],\"inLanguage\":\"en-US\"}]}<\/script>\n<!-- \/ Yoast SEO plugin. -->","yoast_head_json":{"title":"HIMONT d.o.o. - Pursuit of Perfection - Himont d.o.o.","robots":{"index":"index","follow":"follow","max-snippet":"max-snippet:-1","max-image-preview":"max-image-preview:large","max-video-preview":"max-video-preview:-1"},"canonical":"https:\/\/www.himont.si\/en\/","og_locale":"en_US","og_type":"article","og_title":"HIMONT d.o.o. - Pursuit of Perfection - Himont d.o.o.","og_description":"Industrial Equipment We are a family company with over 25 years of tradition, is engaged in the manufacture of specialty industrial hardware components to order. Experience, knowledge and self-development enables us to create high-quality products to satisfy the needs and desires of our customers. By strengthening business connections and partnerships, the company assured development. Systematic [&hellip;]","og_url":"https:\/\/www.himont.si\/en\/","og_site_name":"Himont d.o.o.","article_modified_time":"2015-09-06T23:40:50+00:00","schema":{"@context":"https:\/\/schema.org","@graph":[{"@type":"WebPage","@id":"https:\/\/www.himont.si\/en\/","url":"https:\/\/www.himont.si\/en\/","name":"HIMONT d.o.o. - Pursuit of Perfection - Himont d.o.o.","isPartOf":{"@id":"https:\/\/www.himont.si\/#website"},"primaryImageOfPage":{"@id":"https:\/\/www.himont.si\/en\/#primaryimage"},"image":{"@id":"https:\/\/www.himont.si\/en\/#primaryimage"},"thumbnailUrl":"https:\/\/www.himont.si\/wp-content\/uploads\/2017\/03\/himont.jpg","datePublished":"2015-09-06T17:22:08+00:00","dateModified":"2015-09-06T23:40:50+00:00","breadcrumb":{"@id":"https:\/\/www.himont.si\/en\/#breadcrumb"},"inLanguage":"en-US","potentialAction":[{"@type":"ReadAction","target":["https:\/\/www.himont.si\/en\/"]}]},{"@type":"ImageObject","inLanguage":"en-US","@id":"https:\/\/www.himont.si\/en\/#primaryimage","url":"https:\/\/www.himont.si\/wp-content\/uploads\/2017\/03\/himont.jpg","contentUrl":"https:\/\/www.himont.si\/wp-content\/uploads\/2017\/03\/himont.jpg","width":1600,"height":540},{"@type":"BreadcrumbList","@id":"https:\/\/www.himont.si\/en\/#breadcrumb","itemListElement":[{"@type":"ListItem","position":1,"name":"Home","item":"https:\/\/www.himont.si\/en\/"},{"@type":"ListItem","position":2,"name":"HIMONT d.o.o. &#8211; Pursuit of Perfection"}]},{"@type":"WebSite","@id":"https:\/\/www.himont.si\/#website","url":"https:\/\/www.himont.si\/","name":"Himont d.o.o.","description":"Stremljenje k popolnosti","potentialAction":[{"@type":"SearchAction","target":{"@type":"EntryPoint","urlTemplate":"https:\/\/www.himont.si\/?s={search_term_string}"},"query-input":{"@type":"PropertyValueSpecification","valueRequired":true,"valueName":"search_term_string"}}],"inLanguage":"en-US"}]}},"_links":{"self":[{"href":"https:\/\/www.himont.si\/en\/wp-json\/wp\/v2\/pages\/825","targetHints":{"allow":["GET"]}}],"collection":[{"href":"https:\/\/www.himont.si\/en\/wp-json\/wp\/v2\/pages"}],"about":[{"href":"https:\/\/www.himont.si\/en\/wp-json\/wp\/v2\/types\/page"}],"author":[{"embeddable":true,"href":"https:\/\/www.himont.si\/en\/wp-json\/wp\/v2\/users\/4"}],"replies":[{"embeddable":true,"href":"https:\/\/www.himont.si\/en\/wp-json\/wp\/v2\/comments?post=825"}],"version-history":[{"count":3,"href":"https:\/\/www.himont.si\/en\/wp-json\/wp\/v2\/pages\/825\/revisions"}],"predecessor-version":[{"id":1170,"href":"https:\/\/www.himont.si\/en\/wp-json\/wp\/v2\/pages\/825\/revisions\/1170"}],"wp:featuredmedia":[{"embeddable":true,"href":"https:\/\/www.himont.si\/en\/wp-json\/wp\/v2\/media\/1287"}],"wp:attachment":[{"href":"https:\/\/www.himont.si\/en\/wp-json\/wp\/v2\/media?parent=825"}],"curies":[{"name":"wp","href":"https:\/\/api.w.org\/{rel}","templated":true}]}}