{"id":998,"date":"2013-02-19T14:59:48","date_gmt":"2013-02-19T14:59:48","guid":{"rendered":"http:\/\/www.himont.si\/honanje\/?lang=en"},"modified":"2017-03-06T19:59:15","modified_gmt":"2017-03-06T19:59:15","slug":"honanje","status":"publish","type":"page","link":"https:\/\/www.himont.si\/en\/honanje\/","title":{"rendered":"Honanje"},"content":{"rendered":"<p>Honanje je postopek fine obdelave z odrezovanjem. Podoben je finemu bru\u0161enju, pri katerem se obdelovanec v stiku z orodjem ne segreje in se tako struktura obdelane povr\u0161ine ne spremeni. Glavna razlika med honanjem in bru\u0161enjem je tudi v znatno manj\u0161i hitrosti orodja pri honanju. Orodje se dotika obdelovanca na veliki povr\u0161ini, zato so plo\u0161\u010dinski pritiski orodja precej manj\u0161i kot pri bru\u0161enju in prerez odrezkov je majhen; rezultat tega je izredno gladka obdelava z nekoliko motno povr\u0161ino. Tehnologija honanja \u00a0v primerjavi z rolano cevjo zagotavlja dalj\u0161o \u017eivljensko dobo cilindra, prav tako hidravli\u010dni valj po vsakem varjenju na cevi (priklopi, vpetja) zvije, s to tehnologijo te deformacije odpravimo in zagotovimo okroglost cevi ter s tem znatno zmanj\u0161amo stro\u0161ke servisiranja cilindra. Honanje je postopek obdelave izvrtin za doseganje velike to\u010dnosti in majhne hrapavosti. (Ra 0,15-0,3\u03bcm). Pri nas imamo mo\u017enost honanja od \u03a650 \u2013 \u03a6670 in dol\u017eine 8000 mm. ngg_shortcode_0_placeholder <\/p>\n<p><iframe loading=\"lazy\" src=\"\/\/www.youtube.com\/embed\/bSXmO7XQP24\" height=\"315\" width=\"650\" allowfullscreen=\"\" frameborder=\"0\"><\/iframe><\/p>\n","protected":false},"excerpt":{"rendered":"<p>Honanje je postopek fine obdelave z odrezovanjem. Podoben je finemu bru\u0161enju, pri katerem se obdelovanec v stiku z orodjem ne segreje in se tako struktura obdelane povr\u0161ine ne spremeni. Glavna razlika med honanjem in bru\u0161enjem je tudi v znatno manj\u0161i hitrosti orodja pri honanju. Orodje se dotika obdelovanca na veliki povr\u0161ini, zato so plo\u0161\u010dinski pritiski [&hellip;]<\/p>\n","protected":false},"author":4,"featured_media":0,"parent":0,"menu_order":3,"comment_status":"open","ping_status":"closed","template":"","meta":{"_et_pb_use_builder":"","_et_pb_old_content":"","_et_gb_content_width":"","ngg_post_thumbnail":0,"footnotes":""},"class_list":["post-998","page","type-page","status-publish","hentry"],"yoast_head":"<!-- This site is optimized with the Yoast SEO plugin v27.5 - https:\/\/yoast.com\/product\/yoast-seo-wordpress\/ -->\n<title>Honanje - Himont d.o.o.<\/title>\n<meta name=\"robots\" content=\"index, follow, max-snippet:-1, max-image-preview:large, max-video-preview:-1\" \/>\n<link rel=\"canonical\" href=\"https:\/\/www.himont.si\/en\/honanje\/\" \/>\n<meta property=\"og:locale\" content=\"en_US\" \/>\n<meta property=\"og:type\" content=\"article\" \/>\n<meta property=\"og:title\" content=\"Honanje - Himont d.o.o.\" \/>\n<meta property=\"og:description\" content=\"Honanje je postopek fine obdelave z odrezovanjem. Podoben je finemu bru\u0161enju, pri katerem se obdelovanec v stiku z orodjem ne segreje in se tako struktura obdelane povr\u0161ine ne spremeni. Glavna razlika med honanjem in bru\u0161enjem je tudi v znatno manj\u0161i hitrosti orodja pri honanju. Orodje se dotika obdelovanca na veliki povr\u0161ini, zato so plo\u0161\u010dinski pritiski [&hellip;]\" \/>\n<meta property=\"og:url\" content=\"https:\/\/www.himont.si\/en\/honanje\/\" \/>\n<meta property=\"og:site_name\" content=\"Himont d.o.o.\" \/>\n<meta property=\"article:modified_time\" content=\"2017-03-06T19:59:15+00:00\" \/>\n<meta name=\"twitter:label1\" content=\"Est. reading time\" \/>\n\t<meta name=\"twitter:data1\" content=\"1 minute\" \/>\n<script type=\"application\/ld+json\" class=\"yoast-schema-graph\">{\"@context\":\"https:\\\/\\\/schema.org\",\"@graph\":[{\"@type\":\"WebPage\",\"@id\":\"https:\\\/\\\/www.himont.si\\\/en\\\/honanje\\\/\",\"url\":\"https:\\\/\\\/www.himont.si\\\/en\\\/honanje\\\/\",\"name\":\"Honanje - Himont d.o.o.\",\"isPartOf\":{\"@id\":\"https:\\\/\\\/www.himont.si\\\/#website\"},\"datePublished\":\"2013-02-19T14:59:48+00:00\",\"dateModified\":\"2017-03-06T19:59:15+00:00\",\"breadcrumb\":{\"@id\":\"https:\\\/\\\/www.himont.si\\\/en\\\/honanje\\\/#breadcrumb\"},\"inLanguage\":\"en-US\",\"potentialAction\":[{\"@type\":\"ReadAction\",\"target\":[\"https:\\\/\\\/www.himont.si\\\/en\\\/honanje\\\/\"]}]},{\"@type\":\"BreadcrumbList\",\"@id\":\"https:\\\/\\\/www.himont.si\\\/en\\\/honanje\\\/#breadcrumb\",\"itemListElement\":[{\"@type\":\"ListItem\",\"position\":1,\"name\":\"Home\",\"item\":\"https:\\\/\\\/www.himont.si\\\/en\\\/\"},{\"@type\":\"ListItem\",\"position\":2,\"name\":\"Honanje\"}]},{\"@type\":\"WebSite\",\"@id\":\"https:\\\/\\\/www.himont.si\\\/#website\",\"url\":\"https:\\\/\\\/www.himont.si\\\/\",\"name\":\"Himont d.o.o.\",\"description\":\"Stremljenje k popolnosti\",\"potentialAction\":[{\"@type\":\"SearchAction\",\"target\":{\"@type\":\"EntryPoint\",\"urlTemplate\":\"https:\\\/\\\/www.himont.si\\\/?s={search_term_string}\"},\"query-input\":{\"@type\":\"PropertyValueSpecification\",\"valueRequired\":true,\"valueName\":\"search_term_string\"}}],\"inLanguage\":\"en-US\"}]}<\/script>\n<!-- \/ Yoast SEO plugin. -->","yoast_head_json":{"title":"Honanje - Himont d.o.o.","robots":{"index":"index","follow":"follow","max-snippet":"max-snippet:-1","max-image-preview":"max-image-preview:large","max-video-preview":"max-video-preview:-1"},"canonical":"https:\/\/www.himont.si\/en\/honanje\/","og_locale":"en_US","og_type":"article","og_title":"Honanje - Himont d.o.o.","og_description":"Honanje je postopek fine obdelave z odrezovanjem. Podoben je finemu bru\u0161enju, pri katerem se obdelovanec v stiku z orodjem ne segreje in se tako struktura obdelane povr\u0161ine ne spremeni. Glavna razlika med honanjem in bru\u0161enjem je tudi v znatno manj\u0161i hitrosti orodja pri honanju. Orodje se dotika obdelovanca na veliki povr\u0161ini, zato so plo\u0161\u010dinski pritiski [&hellip;]","og_url":"https:\/\/www.himont.si\/en\/honanje\/","og_site_name":"Himont d.o.o.","article_modified_time":"2017-03-06T19:59:15+00:00","twitter_misc":{"Est. reading time":"1 minute"},"schema":{"@context":"https:\/\/schema.org","@graph":[{"@type":"WebPage","@id":"https:\/\/www.himont.si\/en\/honanje\/","url":"https:\/\/www.himont.si\/en\/honanje\/","name":"Honanje - Himont d.o.o.","isPartOf":{"@id":"https:\/\/www.himont.si\/#website"},"datePublished":"2013-02-19T14:59:48+00:00","dateModified":"2017-03-06T19:59:15+00:00","breadcrumb":{"@id":"https:\/\/www.himont.si\/en\/honanje\/#breadcrumb"},"inLanguage":"en-US","potentialAction":[{"@type":"ReadAction","target":["https:\/\/www.himont.si\/en\/honanje\/"]}]},{"@type":"BreadcrumbList","@id":"https:\/\/www.himont.si\/en\/honanje\/#breadcrumb","itemListElement":[{"@type":"ListItem","position":1,"name":"Home","item":"https:\/\/www.himont.si\/en\/"},{"@type":"ListItem","position":2,"name":"Honanje"}]},{"@type":"WebSite","@id":"https:\/\/www.himont.si\/#website","url":"https:\/\/www.himont.si\/","name":"Himont d.o.o.","description":"Stremljenje k popolnosti","potentialAction":[{"@type":"SearchAction","target":{"@type":"EntryPoint","urlTemplate":"https:\/\/www.himont.si\/?s={search_term_string}"},"query-input":{"@type":"PropertyValueSpecification","valueRequired":true,"valueName":"search_term_string"}}],"inLanguage":"en-US"}]}},"_links":{"self":[{"href":"https:\/\/www.himont.si\/en\/wp-json\/wp\/v2\/pages\/998","targetHints":{"allow":["GET"]}}],"collection":[{"href":"https:\/\/www.himont.si\/en\/wp-json\/wp\/v2\/pages"}],"about":[{"href":"https:\/\/www.himont.si\/en\/wp-json\/wp\/v2\/types\/page"}],"author":[{"embeddable":true,"href":"https:\/\/www.himont.si\/en\/wp-json\/wp\/v2\/users\/4"}],"replies":[{"embeddable":true,"href":"https:\/\/www.himont.si\/en\/wp-json\/wp\/v2\/comments?post=998"}],"version-history":[{"count":2,"href":"https:\/\/www.himont.si\/en\/wp-json\/wp\/v2\/pages\/998\/revisions"}],"predecessor-version":[{"id":1188,"href":"https:\/\/www.himont.si\/en\/wp-json\/wp\/v2\/pages\/998\/revisions\/1188"}],"wp:attachment":[{"href":"https:\/\/www.himont.si\/en\/wp-json\/wp\/v2\/media?parent=998"}],"curies":[{"name":"wp","href":"https:\/\/api.w.org\/{rel}","templated":true}]}}